{"id":161,"date":"2020-06-23T15:22:16","date_gmt":"2020-06-23T15:22:16","guid":{"rendered":"https:\/\/reconectando.org\/miceliando\/?page_id=161"},"modified":"2021-08-23T22:00:25","modified_gmt":"2021-08-23T22:00:25","slug":"laboratorios","status":"publish","type":"page","link":"https:\/\/reconectando.org\/miceliando\/laboratorios\/","title":{"rendered":"Laboratorios"},"content":{"rendered":"\n<p>Los laboratorios de Reconectando son una experiencia transformadora y sanadora que re\u00fane a personas afectadas por el proceso de deshumanizaci\u00f3n vivida a lo largo del conflicto, l\u00edderes y lideresas que siempre han resistido a la violencia y han asumido como propia la construcci\u00f3n de paz en sus territorios. Es una iniciativa para acompa\u00f1ar a la <a href=\"https:\/\/comisiondelaverdad.co\/\">Comisi\u00f3n para el Esclarecimiento de la Verdad, la Convivencia y la No Repetici\u00f3n<\/a>, que nace en los acuerdos de la Habana como parte del sistema integral para la implementaci\u00f3n de la paz.<\/p>\n\n\n\n<figure class=\"wp-block-image size-large is-resized\"><img loading=\"lazy\" decoding=\"async\" src=\"https:\/\/reconectando.org\/miceliando\/wp-content\/uploads\/2021\/04\/Screen-Shot-2021-03-06-at-11.50.42-AM.png\" alt=\"\" class=\"wp-image-1212\" width=\"375\" height=\"421\" srcset=\"https:\/\/reconectando.org\/miceliando\/wp-content\/uploads\/2021\/04\/Screen-Shot-2021-03-06-at-11.50.42-AM.png 750w, https:\/\/reconectando.org\/miceliando\/wp-content\/uploads\/2021\/04\/Screen-Shot-2021-03-06-at-11.50.42-AM-268x300.png 268w, https:\/\/reconectando.org\/miceliando\/wp-content\/uploads\/2021\/04\/Screen-Shot-2021-03-06-at-11.50.42-AM-500x561.png 500w, https:\/\/reconectando.org\/miceliando\/wp-content\/uploads\/2021\/04\/Screen-Shot-2021-03-06-at-11.50.42-AM-230x258.png 230w\" sizes=\"auto, (max-width: 375px) 100vw, 375px\" \/><\/figure>\n\n\n\n<div style=\"height:27px\" aria-hidden=\"true\" class=\"wp-block-spacer\"><\/div>\n\n\n\n<h2 class=\"has-text-align-center wp-block-heading\">Pr\u00f3ximos laboratorios<\/h2>\n\n\n\n<div style=\"height:20px\" aria-hidden=\"true\" class=\"wp-block-spacer\"><\/div>\n\n\n\n\t\t\t<div class=\"uagb-post-grid  uagb-post__image-position-top uagb-block-18bed6fa\" data-total=\"2\">\n\n\t\t\t\t<div class=\"uagb-post__items uagb-post__columns-3 is-grid uagb-post__columns-tablet-2 uagb-post__columns-mobile-1 uagb-post__equal-height\">\n\n\t\t\t\t\t\t\t\t<article >\n\t\t\t\t\t\t\t\t\t\t<div class=\"uagb-post__inner-wrap\">\n\t\t\t\t\t\t\t\t\t\t\t\t\t\t\t<div class='uagb-post__image'>\n\t\t\t\t<a href=\"https:\/\/reconectando.org\/miceliando\/2023\/04\/16\/laboratorio-putumayo-agosto-2023\/\" target=\"_self\" rel=\"bookmark noopener noreferrer\"><img loading=\"lazy\" decoding=\"async\" width=\"900\" height=\"507\" src=\"https:\/\/reconectando.org\/miceliando\/wp-content\/uploads\/2023\/04\/maloka-Samawe-min-1024x577.png\" class=\"attachment-large size-large\" alt=\"\" srcset=\"https:\/\/reconectando.org\/miceliando\/wp-content\/uploads\/2023\/04\/maloka-Samawe-min-1024x577.png 1024w, https:\/\/reconectando.org\/miceliando\/wp-content\/uploads\/2023\/04\/maloka-Samawe-min-300x169.png 300w, https:\/\/reconectando.org\/miceliando\/wp-content\/uploads\/2023\/04\/maloka-Samawe-min-768x433.png 768w, https:\/\/reconectando.org\/miceliando\/wp-content\/uploads\/2023\/04\/maloka-Samawe-min-1536x865.png 1536w, https:\/\/reconectando.org\/miceliando\/wp-content\/uploads\/2023\/04\/maloka-Samawe-min-500x282.png 500w, https:\/\/reconectando.org\/miceliando\/wp-content\/uploads\/2023\/04\/maloka-Samawe-min-800x451.png 800w, https:\/\/reconectando.org\/miceliando\/wp-content\/uploads\/2023\/04\/maloka-Samawe-min-1280x721.png 1280w, https:\/\/reconectando.org\/miceliando\/wp-content\/uploads\/2023\/04\/maloka-Samawe-min-830x468.png 830w, https:\/\/reconectando.org\/miceliando\/wp-content\/uploads\/2023\/04\/maloka-Samawe-min-230x130.png 230w, https:\/\/reconectando.org\/miceliando\/wp-content\/uploads\/2023\/04\/maloka-Samawe-min.png 1640w\" sizes=\"auto, (max-width: 900px) 100vw, 900px\" \/>\t\t\t\t<\/a>\n\t\t\t<\/div>\n\t\t\t\t\t\t\t\t\t<div class=\"uagb-post__text\">\n\t\t\t\t\t\t\t\t\t\t<h3 class=\"uagb-post__title\">\n\t\t\t\t<a href=\"https:\/\/reconectando.org\/miceliando\/2023\/04\/16\/laboratorio-putumayo-agosto-2023\/\" target=\"_self\" rel=\"bookmark noopener noreferrer\">Laboratorio de Reconectando en Putumayo: 18 al 23 de agosto 2023<\/a>\n\t\t\t<\/h3>\n\t\t\t\t\t\t\t\t\t\t\t\t\t<div class=\"uagb-post-grid-byline\">\n\t\t\t\t\t\t\t<span class=\"uagb-post__author\">\n\t\t\t\t<span class=\"dashicons-admin-users dashicons\"><\/span>\n\t\t\t\t<a href=\"https:\/\/reconectando.org\/miceliando\/author\/hterellen\/\" title=\"Entradas de Helena ter Ellen\" rel=\"author\">Helena ter Ellen<\/a>\t\t\t<\/span>\n\t\t\t\t\t\t<time datetime=\"2023-04-16T19:44:49+00:00\" class=\"uagb-post__date\">\n\t\t\t\t<span class=\"dashicons-calendar dashicons\"><\/span>\n\t\t\t\t16\/04\/2023\t\t\t<\/time>\n\t\t\t\t\t\t<span class=\"uagb-post__comment\">\n\t\t\t\t<span class=\"dashicons-admin-comments dashicons\"><\/span>\n\t\t\t\t4 comentarios\t\t\t<\/span>\n\t\t\t\t\t\t<\/div>\n\t\t\t\t\t\t\t\t\t\t\t\t\t\t<div class=\"uagb-post__excerpt\">\n\t\t\t\t\tFoto de portada: La magia y sabiduria ancestral del Putumayo nos est\u00e1n esperando para reconectarnos con la vida&#8230; Para actores de cambio en Putumayo LES&hellip;\t\t\t\t<\/div>\n\t\t\t\t\t\t\t\t\t\t\t\t\t<div class=\"uagb-post__cta\">\n\t\t\t\t<a class=\"uagb-post__link uagb-text-link\" href=\"https:\/\/reconectando.org\/miceliando\/2023\/04\/16\/laboratorio-putumayo-agosto-2023\/\" target=\"_self\" rel=\"bookmark noopener noreferrer\">Leer m\u00e1s<\/a>\n\t\t\t<\/div>\n\t\t\t\t\t\t\t\t\t<\/div>\n\t\t\t\t\t<\/div>\n\t\t\t\t\t\t\t\t\t<\/article>\n\n\t\t\t\t\t\t\t\t<article >\n\t\t\t\t\t\t\t\t\t\t<div class=\"uagb-post__inner-wrap\">\n\t\t\t\t\t\t\t\t\t\t\t\t\t\t\t<div class='uagb-post__image'>\n\t\t\t\t<a href=\"https:\/\/reconectando.org\/miceliando\/2021\/09\/27\/laboratorio-lejanias-3\/\" target=\"_self\" rel=\"bookmark noopener noreferrer\"><img loading=\"lazy\" decoding=\"async\" width=\"900\" height=\"604\" src=\"https:\/\/reconectando.org\/miceliando\/wp-content\/uploads\/2021\/03\/Screen-Shot-2021-03-25-at-16.04.47.png\" class=\"attachment-large size-large\" alt=\"\" srcset=\"https:\/\/reconectando.org\/miceliando\/wp-content\/uploads\/2021\/03\/Screen-Shot-2021-03-25-at-16.04.47.png 906w, https:\/\/reconectando.org\/miceliando\/wp-content\/uploads\/2021\/03\/Screen-Shot-2021-03-25-at-16.04.47-300x201.png 300w, https:\/\/reconectando.org\/miceliando\/wp-content\/uploads\/2021\/03\/Screen-Shot-2021-03-25-at-16.04.47-768x515.png 768w, https:\/\/reconectando.org\/miceliando\/wp-content\/uploads\/2021\/03\/Screen-Shot-2021-03-25-at-16.04.47-500x336.png 500w, https:\/\/reconectando.org\/miceliando\/wp-content\/uploads\/2021\/03\/Screen-Shot-2021-03-25-at-16.04.47-800x537.png 800w, https:\/\/reconectando.org\/miceliando\/wp-content\/uploads\/2021\/03\/Screen-Shot-2021-03-25-at-16.04.47-830x557.png 830w, https:\/\/reconectando.org\/miceliando\/wp-content\/uploads\/2021\/03\/Screen-Shot-2021-03-25-at-16.04.47-230x154.png 230w\" sizes=\"auto, (max-width: 900px) 100vw, 900px\" \/>\t\t\t\t<\/a>\n\t\t\t<\/div>\n\t\t\t\t\t\t\t\t\t<div class=\"uagb-post__text\">\n\t\t\t\t\t\t\t\t\t\t<h3 class=\"uagb-post__title\">\n\t\t\t\t<a href=\"https:\/\/reconectando.org\/miceliando\/2021\/09\/27\/laboratorio-lejanias-3\/\" target=\"_self\" rel=\"bookmark noopener noreferrer\">Laboratorio Lejan\u00edas (Meta &#8211; Colombia): 14 al 19 de febrero 2023<\/a>\n\t\t\t<\/h3>\n\t\t\t\t\t\t\t\t\t\t\t\t\t<div class=\"uagb-post-grid-byline\">\n\t\t\t\t\t\t\t<span class=\"uagb-post__author\">\n\t\t\t\t<span class=\"dashicons-admin-users dashicons\"><\/span>\n\t\t\t\t<a href=\"https:\/\/reconectando.org\/miceliando\/author\/hterellen\/\" title=\"Entradas de Helena ter Ellen\" rel=\"author\">Helena ter Ellen<\/a>\t\t\t<\/span>\n\t\t\t\t\t\t<time datetime=\"2021-09-27T11:57:59+00:00\" class=\"uagb-post__date\">\n\t\t\t\t<span class=\"dashicons-calendar dashicons\"><\/span>\n\t\t\t\t27\/09\/2021\t\t\t<\/time>\n\t\t\t\t\t\t<span class=\"uagb-post__comment\">\n\t\t\t\t<span class=\"dashicons-admin-comments dashicons\"><\/span>\n\t\t\t\t2 comentarios\t\t\t<\/span>\n\t\t\t\t\t\t<\/div>\n\t\t\t\t\t\t\t\t\t\t\t\t\t\t<div class=\"uagb-post__excerpt\">\n\t\t\t\t\tFoto de portada: Las maravillas del Rio G\u00fcejar nos est\u00e1n esperando para reconectarnos con la vida&#8230; Para actores de cambio en Colombia y en America&hellip;\t\t\t\t<\/div>\n\t\t\t\t\t\t\t\t\t\t\t\t\t<div class=\"uagb-post__cta\">\n\t\t\t\t<a class=\"uagb-post__link uagb-text-link\" href=\"https:\/\/reconectando.org\/miceliando\/2021\/09\/27\/laboratorio-lejanias-3\/\" target=\"_self\" rel=\"bookmark noopener noreferrer\">Leer m\u00e1s<\/a>\n\t\t\t<\/div>\n\t\t\t\t\t\t\t\t\t<\/div>\n\t\t\t\t\t<\/div>\n\t\t\t\t\t\t\t\t\t<\/article>\n\n\t\t\t\t\t\t\t\t<article >\n\t\t\t\t\t\t\t\t\t\t<div class=\"uagb-post__inner-wrap\">\n\t\t\t\t\t\t\t\t\t\t\t\t\t\t\t<div class='uagb-post__image'>\n\t\t\t\t<a href=\"https:\/\/reconectando.org\/miceliando\/2021\/05\/13\/laboratorio-lejanias-2\/\" target=\"_self\" rel=\"bookmark noopener noreferrer\"><img loading=\"lazy\" decoding=\"async\" width=\"900\" height=\"900\" src=\"https:\/\/reconectando.org\/miceliando\/wp-content\/uploads\/2021\/03\/foto-Guejar1-1024x1024.jpg\" class=\"attachment-large size-large\" alt=\"las maravillas del Rio G\u00fcejar nos est\u00e1n esperando para reconectarnos...\" srcset=\"https:\/\/reconectando.org\/miceliando\/wp-content\/uploads\/2021\/03\/foto-Guejar1-1024x1024.jpg 1024w, https:\/\/reconectando.org\/miceliando\/wp-content\/uploads\/2021\/03\/foto-Guejar1-300x300.jpg 300w, https:\/\/reconectando.org\/miceliando\/wp-content\/uploads\/2021\/03\/foto-Guejar1-150x150.jpg 150w, https:\/\/reconectando.org\/miceliando\/wp-content\/uploads\/2021\/03\/foto-Guejar1-768x768.jpg 768w, https:\/\/reconectando.org\/miceliando\/wp-content\/uploads\/2021\/03\/foto-Guejar1-500x500.jpg 500w, https:\/\/reconectando.org\/miceliando\/wp-content\/uploads\/2021\/03\/foto-Guejar1-800x800.jpg 800w, https:\/\/reconectando.org\/miceliando\/wp-content\/uploads\/2021\/03\/foto-Guejar1-830x830.jpg 830w, https:\/\/reconectando.org\/miceliando\/wp-content\/uploads\/2021\/03\/foto-Guejar1-230x230.jpg 230w, https:\/\/reconectando.org\/miceliando\/wp-content\/uploads\/2021\/03\/foto-Guejar1.jpg 1080w\" sizes=\"auto, (max-width: 900px) 100vw, 900px\" \/>\t\t\t\t<\/a>\n\t\t\t<\/div>\n\t\t\t\t\t\t\t\t\t<div class=\"uagb-post__text\">\n\t\t\t\t\t\t\t\t\t\t<h3 class=\"uagb-post__title\">\n\t\t\t\t<a href=\"https:\/\/reconectando.org\/miceliando\/2021\/05\/13\/laboratorio-lejanias-2\/\" target=\"_self\" rel=\"bookmark noopener noreferrer\">Laboratorio Lejan\u00edas (Meta) para actores de cambio de El Castillo, 6-11 de julio 2021<\/a>\n\t\t\t<\/h3>\n\t\t\t\t\t\t\t\t\t\t\t\t\t<div class=\"uagb-post-grid-byline\">\n\t\t\t\t\t\t\t<span class=\"uagb-post__author\">\n\t\t\t\t<span class=\"dashicons-admin-users dashicons\"><\/span>\n\t\t\t\t<a href=\"https:\/\/reconectando.org\/miceliando\/author\/hterellen\/\" title=\"Entradas de Helena ter Ellen\" rel=\"author\">Helena ter Ellen<\/a>\t\t\t<\/span>\n\t\t\t\t\t\t<time datetime=\"2021-05-13T16:32:36+00:00\" class=\"uagb-post__date\">\n\t\t\t\t<span class=\"dashicons-calendar dashicons\"><\/span>\n\t\t\t\t13\/05\/2021\t\t\t<\/time>\n\t\t\t\t\t\t<span class=\"uagb-post__comment\">\n\t\t\t\t<span class=\"dashicons-admin-comments dashicons\"><\/span>\n\t\t\t\t4 comentarios\t\t\t<\/span>\n\t\t\t\t\t\t<\/div>\n\t\t\t\t\t\t\t\t\t\t\t\t\t\t<div class=\"uagb-post__excerpt\">\n\t\t\t\t\tFoto de portada: Las maravillas del Rio G\u00fcejar nos est\u00e1n esperando para reconectarnos con la vida&#8230; TE INVITAMOS A: RE-CONECTANDO: Laboratorio de Verdad y Reconciliaci\u00f3n&hellip;\t\t\t\t<\/div>\n\t\t\t\t\t\t\t\t\t\t\t\t\t<div class=\"uagb-post__cta\">\n\t\t\t\t<a class=\"uagb-post__link uagb-text-link\" href=\"https:\/\/reconectando.org\/miceliando\/2021\/05\/13\/laboratorio-lejanias-2\/\" target=\"_self\" rel=\"bookmark noopener noreferrer\">Leer m\u00e1s<\/a>\n\t\t\t<\/div>\n\t\t\t\t\t\t\t\t\t<\/div>\n\t\t\t\t\t<\/div>\n\t\t\t\t\t\t\t\t\t<\/article>\n\n\t\t\t\t\t\t\t\t<\/div>\n\t\t\t\t\t\t\t<\/div>\n\t\t\t\n\n\n<p><\/p>\n","protected":false},"excerpt":{"rendered":"<p>Los laboratorios de Reconectando son una experiencia transformadora y sanadora que re\u00fane a personas afectadas por el proceso de deshumanizaci\u00f3n vivida a lo largo del conflicto, l\u00edderes y lideresas que siempre han resistido a la violencia y han asumido como propia la construcci\u00f3n de paz en sus territorios. Es una iniciativa para acompa\u00f1ar a la &#8230;.&nbsp;&nbsp;<a class=\" default\" href=\"https:\/\/reconectando.org\/miceliando\/laboratorios\/\">Read More<\/a><\/p>\n","protected":false},"author":1,"featured_media":0,"parent":0,"menu_order":0,"comment_status":"closed","ping_status":"closed","template":"","meta":{"footnotes":""},"class_list":["post-161","page","type-page","status-publish","hentry"],"yoast_head":"<!-- This site is optimized with the Yoast SEO plugin v18.0 - https:\/\/yoast.com\/wordpress\/plugins\/seo\/ -->\n<title>Laboratorios - Miceliando<\/title>\n<meta name=\"robots\" content=\"noindex, follow, max-snippet:-1, max-image-preview:large, max-video-preview:-1\" \/>\n<meta property=\"og:locale\" content=\"es_ES\" \/>\n<meta property=\"og:type\" content=\"article\" \/>\n<meta property=\"og:title\" content=\"Laboratorios - Miceliando\" \/>\n<meta property=\"og:description\" content=\"Los laboratorios de Reconectando son una experiencia transformadora y sanadora que re\u00fane a personas afectadas por el proceso de deshumanizaci\u00f3n vivida a lo largo del conflicto, l\u00edderes y lideresas que siempre han resistido a la violencia y han asumido como propia la construcci\u00f3n de paz en sus territorios. Es una iniciativa para acompa\u00f1ar a la ....&nbsp;&nbsp;Read More\" \/>\n<meta property=\"og:url\" content=\"https:\/\/reconectando.org\/miceliando\/laboratorios\/\" \/>\n<meta property=\"og:site_name\" content=\"Miceliando\" \/>\n<meta property=\"article:modified_time\" content=\"2021-08-23T22:00:25+00:00\" \/>\n<meta property=\"og:image\" content=\"https:\/\/reconectando.org\/miceliando\/wp-content\/uploads\/2021\/04\/Screen-Shot-2021-03-06-at-11.50.42-AM.png\" \/>\n<meta name=\"twitter:card\" content=\"summary_large_image\" \/>\n<script type=\"application\/ld+json\" class=\"yoast-schema-graph\">{\"@context\":\"https:\/\/schema.org\",\"@graph\":[{\"@type\":\"WebSite\",\"@id\":\"https:\/\/reconectando.org\/miceliando\/#website\",\"url\":\"https:\/\/reconectando.org\/miceliando\/\",\"name\":\"Miceliando\",\"description\":\"Miceliando\",\"potentialAction\":[{\"@type\":\"SearchAction\",\"target\":{\"@type\":\"EntryPoint\",\"urlTemplate\":\"https:\/\/reconectando.org\/miceliando\/?s={search_term_string}\"},\"query-input\":\"required name=search_term_string\"}],\"inLanguage\":\"es\"},{\"@type\":\"ImageObject\",\"@id\":\"https:\/\/reconectando.org\/miceliando\/laboratorios\/#primaryimage\",\"inLanguage\":\"es\",\"url\":\"https:\/\/reconectando.org\/miceliando\/wp-content\/uploads\/2021\/04\/Screen-Shot-2021-03-06-at-11.50.42-AM.png\",\"contentUrl\":\"https:\/\/reconectando.org\/miceliando\/wp-content\/uploads\/2021\/04\/Screen-Shot-2021-03-06-at-11.50.42-AM.png\",\"width\":750,\"height\":841},{\"@type\":\"WebPage\",\"@id\":\"https:\/\/reconectando.org\/miceliando\/laboratorios\/#webpage\",\"url\":\"https:\/\/reconectando.org\/miceliando\/laboratorios\/\",\"name\":\"Laboratorios - Miceliando\",\"isPartOf\":{\"@id\":\"https:\/\/reconectando.org\/miceliando\/#website\"},\"primaryImageOfPage\":{\"@id\":\"https:\/\/reconectando.org\/miceliando\/laboratorios\/#primaryimage\"},\"datePublished\":\"2020-06-23T15:22:16+00:00\",\"dateModified\":\"2021-08-23T22:00:25+00:00\",\"breadcrumb\":{\"@id\":\"https:\/\/reconectando.org\/miceliando\/laboratorios\/#breadcrumb\"},\"inLanguage\":\"es\",\"potentialAction\":[{\"@type\":\"ReadAction\",\"target\":[\"https:\/\/reconectando.org\/miceliando\/laboratorios\/\"]}]},{\"@type\":\"BreadcrumbList\",\"@id\":\"https:\/\/reconectando.org\/miceliando\/laboratorios\/#breadcrumb\",\"itemListElement\":[{\"@type\":\"ListItem\",\"position\":1,\"name\":\"Portada\",\"item\":\"https:\/\/reconectando.org\/miceliando\/\"},{\"@type\":\"ListItem\",\"position\":2,\"name\":\"Laboratorios\"}]}]}<\/script>\n<!-- \/ Yoast SEO plugin. -->","yoast_head_json":{"title":"Laboratorios - Miceliando","robots":{"index":"noindex","follow":"follow","max-snippet":"max-snippet:-1","max-image-preview":"max-image-preview:large","max-video-preview":"max-video-preview:-1"},"og_locale":"es_ES","og_type":"article","og_title":"Laboratorios - Miceliando","og_description":"Los laboratorios de Reconectando son una experiencia transformadora y sanadora que re\u00fane a personas afectadas por el proceso de deshumanizaci\u00f3n vivida a lo largo del conflicto, l\u00edderes y lideresas que siempre han resistido a la violencia y han asumido como propia la construcci\u00f3n de paz en sus territorios. Es una iniciativa para acompa\u00f1ar a la ....&nbsp;&nbsp;Read More","og_url":"https:\/\/reconectando.org\/miceliando\/laboratorios\/","og_site_name":"Miceliando","article_modified_time":"2021-08-23T22:00:25+00:00","og_image":[{"url":"https:\/\/reconectando.org\/miceliando\/wp-content\/uploads\/2021\/04\/Screen-Shot-2021-03-06-at-11.50.42-AM.png"}],"twitter_card":"summary_large_image","schema":{"@context":"https:\/\/schema.org","@graph":[{"@type":"WebSite","@id":"https:\/\/reconectando.org\/miceliando\/#website","url":"https:\/\/reconectando.org\/miceliando\/","name":"Miceliando","description":"Miceliando","potentialAction":[{"@type":"SearchAction","target":{"@type":"EntryPoint","urlTemplate":"https:\/\/reconectando.org\/miceliando\/?s={search_term_string}"},"query-input":"required name=search_term_string"}],"inLanguage":"es"},{"@type":"ImageObject","@id":"https:\/\/reconectando.org\/miceliando\/laboratorios\/#primaryimage","inLanguage":"es","url":"https:\/\/reconectando.org\/miceliando\/wp-content\/uploads\/2021\/04\/Screen-Shot-2021-03-06-at-11.50.42-AM.png","contentUrl":"https:\/\/reconectando.org\/miceliando\/wp-content\/uploads\/2021\/04\/Screen-Shot-2021-03-06-at-11.50.42-AM.png","width":750,"height":841},{"@type":"WebPage","@id":"https:\/\/reconectando.org\/miceliando\/laboratorios\/#webpage","url":"https:\/\/reconectando.org\/miceliando\/laboratorios\/","name":"Laboratorios - Miceliando","isPartOf":{"@id":"https:\/\/reconectando.org\/miceliando\/#website"},"primaryImageOfPage":{"@id":"https:\/\/reconectando.org\/miceliando\/laboratorios\/#primaryimage"},"datePublished":"2020-06-23T15:22:16+00:00","dateModified":"2021-08-23T22:00:25+00:00","breadcrumb":{"@id":"https:\/\/reconectando.org\/miceliando\/laboratorios\/#breadcrumb"},"inLanguage":"es","potentialAction":[{"@type":"ReadAction","target":["https:\/\/reconectando.org\/miceliando\/laboratorios\/"]}]},{"@type":"BreadcrumbList","@id":"https:\/\/reconectando.org\/miceliando\/laboratorios\/#breadcrumb","itemListElement":[{"@type":"ListItem","position":1,"name":"Portada","item":"https:\/\/reconectando.org\/miceliando\/"},{"@type":"ListItem","position":2,"name":"Laboratorios"}]}]}},"uagb_featured_image_src":{"full":false,"thumbnail":false,"medium":false,"medium_large":false,"large":false,"wps_thumbnail_size":false,"1536x1536":false,"2048x2048":false,"awb_sm":false,"awb_md":false,"awb_lg":false,"awb_xl":false,"creative-large-thumb":false,"creative-medium-thumb":false,"creative-small-thumb":false},"uagb_author_info":{"display_name":"admin","author_link":"https:\/\/reconectando.org\/miceliando\/author\/admin\/"},"uagb_comment_info":0,"uagb_excerpt":"Los laboratorios de Reconectando son una experiencia transformadora y sanadora que re\u00fane a personas afectadas por el proceso de deshumanizaci\u00f3n vivida a lo largo del conflicto, l\u00edderes y lideresas que siempre han resistido a la violencia y han asumido como propia la construcci\u00f3n de paz en sus territorios. Es una iniciativa para acompa\u00f1ar a la&hellip;","_links":{"self":[{"href":"https:\/\/reconectando.org\/miceliando\/wp-json\/wp\/v2\/pages\/161","targetHints":{"allow":["GET"]}}],"collection":[{"href":"https:\/\/reconectando.org\/miceliando\/wp-json\/wp\/v2\/pages"}],"about":[{"href":"https:\/\/reconectando.org\/miceliando\/wp-json\/wp\/v2\/types\/page"}],"author":[{"embeddable":true,"href":"https:\/\/reconectando.org\/miceliando\/wp-json\/wp\/v2\/users\/1"}],"replies":[{"embeddable":true,"href":"https:\/\/reconectando.org\/miceliando\/wp-json\/wp\/v2\/comments?post=161"}],"version-history":[{"count":23,"href":"https:\/\/reconectando.org\/miceliando\/wp-json\/wp\/v2\/pages\/161\/revisions"}],"predecessor-version":[{"id":1570,"href":"https:\/\/reconectando.org\/miceliando\/wp-json\/wp\/v2\/pages\/161\/revisions\/1570"}],"wp:attachment":[{"href":"https:\/\/reconectando.org\/miceliando\/wp-json\/wp\/v2\/media?parent=161"}],"curies":[{"name":"wp","href":"https:\/\/api.w.org\/{rel}","templated":true}]}}